{"id":2200,"date":"2021-01-19T21:16:36","date_gmt":"2021-01-19T20:16:36","guid":{"rendered":"https:\/\/annenobels.nl\/outside-the-lines\/"},"modified":"2025-02-25T21:43:32","modified_gmt":"2025-02-25T20:43:32","slug":"outside-the-lines","status":"publish","type":"page","link":"https:\/\/annenobels.nl\/nl\/werk\/outside-the-lines\/","title":{"rendered":"outside the lines"},"content":{"rendered":"<div class=\"story__info submission-review__body\">\n<p><img loading=\"lazy\" decoding=\"async\" class=\"aligncenter wp-image-3461 size-large\" src=\"https:\/\/annenobels.nl\/wp-content\/uploads\/2022\/11\/AEB2D1C9-8649-49C0-93B3-C0964D0027A8-1024x683.jpeg\" alt=\"\" width=\"1024\" height=\"683\" srcset=\"https:\/\/annenobels.nl\/wp-content\/uploads\/2022\/11\/AEB2D1C9-8649-49C0-93B3-C0964D0027A8-1024x683.jpeg 1024w, https:\/\/annenobels.nl\/wp-content\/uploads\/2022\/11\/AEB2D1C9-8649-49C0-93B3-C0964D0027A8-300x200.jpeg 300w, https:\/\/annenobels.nl\/wp-content\/uploads\/2022\/11\/AEB2D1C9-8649-49C0-93B3-C0964D0027A8-768x512.jpeg 768w, https:\/\/annenobels.nl\/wp-content\/uploads\/2022\/11\/AEB2D1C9-8649-49C0-93B3-C0964D0027A8-1536x1024.jpeg 1536w, https:\/\/annenobels.nl\/wp-content\/uploads\/2022\/11\/AEB2D1C9-8649-49C0-93B3-C0964D0027A8-2048x1365.jpeg 2048w, https:\/\/annenobels.nl\/wp-content\/uploads\/2022\/11\/AEB2D1C9-8649-49C0-93B3-C0964D0027A8-720x480.jpeg 720w, https:\/\/annenobels.nl\/wp-content\/uploads\/2022\/11\/AEB2D1C9-8649-49C0-93B3-C0964D0027A8-640x427.jpeg 640w, https:\/\/annenobels.nl\/wp-content\/uploads\/2022\/11\/AEB2D1C9-8649-49C0-93B3-C0964D0027A8-400x267.jpeg 400w, https:\/\/annenobels.nl\/wp-content\/uploads\/2022\/11\/AEB2D1C9-8649-49C0-93B3-C0964D0027A8-600x400.jpeg 600w\" sizes=\"auto, (max-width: 1024px) 100vw, 1024px\" \/><\/p>\n<h3>\u00a0<\/h3>\n<h3>outside the lines<\/h3>\n<p><strong>Mijn zintuigen staan altijd op scherp<\/strong>, gevoeliger afgesteld dan bij de meeste mensen. Dit vormt de kern van mijn paniekstoornis. <strong>Prikkels komen ongefilterd binnen<\/strong>, waardoor alledaagse taken vaak moeilijk zijn. Ik word voor mijn gevoel voortdurend overspoeld met informatie en wanneer het te veel wordt, krijg ik een paniekaanval. Dit gebeurt \u00e9\u00e9n \u00e0 twee keer per dag, al wisselt het. Net als iedereen heb ik goede en slechte dagen. Ook op de goede dagen blijven mijn zintuigen alle prikkels versterken, waardoor <strong>de wereld om me heen scherper, kleurrijker en intenser lijkt<\/strong>. Deze serie is een vertaling van hoe ik de wereld ervaar, met name op die dagen waarop ik me goed voel. Wanneer ik me kwetsbaar durf op te stellen en simpelweg durf te genieten, voel ik pas \u00e9cht dat ik leef. <strong>Kwetsbaarheid is geen zwakte; het is hetgeen dat ons verbindt<\/strong>. Toch schamen we ons er vaak voor, terwijl het juist de sleutel is tot verbinding en diepgang. Ik heb geleerd dat mijn \u2018beperking\u2019 mijn leven niet alleen intenser, maar ook mooier maakt.<\/p>\n<\/div>\n<p><span style=\"color: #ffffff;\">______<\/span><\/p>\n<div class=\"story__info submission-review__body\">\n<p><img loading=\"lazy\" decoding=\"async\" class=\"wp-image-2021 size-large aligncenter\" src=\"https:\/\/annenobels.nl\/wp-content\/uploads\/2018\/09\/396A73961_21-1024x683.jpg\" alt=\"\" width=\"760\" height=\"507\" srcset=\"https:\/\/annenobels.nl\/wp-content\/uploads\/2018\/09\/396A73961_21-1024x683.jpg 1024w, https:\/\/annenobels.nl\/wp-content\/uploads\/2018\/09\/396A73961_21-600x400.jpg 600w, https:\/\/annenobels.nl\/wp-content\/uploads\/2018\/09\/396A73961_21-300x200.jpg 300w, https:\/\/annenobels.nl\/wp-content\/uploads\/2018\/09\/396A73961_21-768x512.jpg 768w\" sizes=\"auto, (max-width: 760px) 100vw, 760px\" \/><\/p>\n<p><img loading=\"lazy\" decoding=\"async\" class=\"wp-image-1991 size-large aligncenter\" src=\"https:\/\/annenobels.nl\/wp-content\/uploads\/2018\/06\/396A33901_2-1024x689.jpg\" alt=\"\" width=\"760\" height=\"511\" srcset=\"https:\/\/annenobels.nl\/wp-content\/uploads\/2018\/06\/396A33901_2-1024x689.jpg 1024w, https:\/\/annenobels.nl\/wp-content\/uploads\/2018\/06\/396A33901_2-600x404.jpg 600w, https:\/\/annenobels.nl\/wp-content\/uploads\/2018\/06\/396A33901_2-300x202.jpg 300w, https:\/\/annenobels.nl\/wp-content\/uploads\/2018\/06\/396A33901_2-768x517.jpg 768w, https:\/\/annenobels.nl\/wp-content\/uploads\/2018\/06\/396A33901_2-676x455.jpg 676w, https:\/\/annenobels.nl\/wp-content\/uploads\/2018\/06\/396A33901_2.jpg 1200w\" sizes=\"auto, (max-width: 760px) 100vw, 760px\" \/><\/p>\n<p><img loading=\"lazy\" decoding=\"async\" class=\"wp-image-2054 aligncenter\" src=\"https:\/\/annenobels.nl\/wp-content\/uploads\/2018\/12\/396A91081_2.jpg\" alt=\"\" width=\"760\" height=\"1140\" srcset=\"https:\/\/annenobels.nl\/wp-content\/uploads\/2018\/12\/396A91081_2.jpg 1200w, https:\/\/annenobels.nl\/wp-content\/uploads\/2018\/12\/396A91081_2-600x900.jpg 600w, https:\/\/annenobels.nl\/wp-content\/uploads\/2018\/12\/396A91081_2-200x300.jpg 200w, https:\/\/annenobels.nl\/wp-content\/uploads\/2018\/12\/396A91081_2-768x1152.jpg 768w, https:\/\/annenobels.nl\/wp-content\/uploads\/2018\/12\/396A91081_2-683x1024.jpg 683w\" sizes=\"auto, (max-width: 760px) 100vw, 760px\" \/><\/p>\n<p><img loading=\"lazy\" decoding=\"async\" class=\"aligncenter wp-image-8744\" src=\"https:\/\/annenobels.nl\/wp-content\/uploads\/2024\/10\/a_dscf1359_59a-kopieren-1024x768.jpeg\" alt=\"\" width=\"768\" height=\"576\" srcset=\"https:\/\/annenobels.nl\/wp-content\/uploads\/2024\/10\/a_dscf1359_59a-kopieren-1024x768.jpeg 1024w, https:\/\/annenobels.nl\/wp-content\/uploads\/2024\/10\/a_dscf1359_59a-kopieren-300x225.jpeg 300w, https:\/\/annenobels.nl\/wp-content\/uploads\/2024\/10\/a_dscf1359_59a-kopieren-768x576.jpeg 768w, https:\/\/annenobels.nl\/wp-content\/uploads\/2024\/10\/a_dscf1359_59a-kopieren-1536x1152.jpeg 1536w, https:\/\/annenobels.nl\/wp-content\/uploads\/2024\/10\/a_dscf1359_59a-kopieren-2048x1536.jpeg 2048w, https:\/\/annenobels.nl\/wp-content\/uploads\/2024\/10\/a_dscf1359_59a-kopieren-600x450.jpeg 600w\" sizes=\"auto, (max-width: 768px) 100vw, 768px\" \/><\/p>\n<p><img loading=\"lazy\" decoding=\"async\" class=\"aligncenter wp-image-8782 size-large\" src=\"https:\/\/annenobels.nl\/wp-content\/uploads\/2024\/10\/AN_juli24_12d-LR-2-768x1024.jpeg\" alt=\"\" width=\"768\" height=\"1024\" srcset=\"https:\/\/annenobels.nl\/wp-content\/uploads\/2024\/10\/AN_juli24_12d-LR-2-768x1024.jpeg 768w, https:\/\/annenobels.nl\/wp-content\/uploads\/2024\/10\/AN_juli24_12d-LR-2-225x300.jpeg 225w, https:\/\/annenobels.nl\/wp-content\/uploads\/2024\/10\/AN_juli24_12d-LR-2-1152x1536.jpeg 1152w, https:\/\/annenobels.nl\/wp-content\/uploads\/2024\/10\/AN_juli24_12d-LR-2-1536x2048.jpeg 1536w, https:\/\/annenobels.nl\/wp-content\/uploads\/2024\/10\/AN_juli24_12d-LR-2-600x800.jpeg 600w, https:\/\/annenobels.nl\/wp-content\/uploads\/2024\/10\/AN_juli24_12d-LR-2-scaled.jpeg 1920w\" sizes=\"auto, (max-width: 768px) 100vw, 768px\" \/><\/p>\n<p><img loading=\"lazy\" decoding=\"async\" class=\"aligncenter wp-image-8740 size-large\" src=\"https:\/\/annenobels.nl\/wp-content\/uploads\/2024\/10\/a_DSCF0141_103-1-768x1024.jpeg\" alt=\"\" width=\"768\" height=\"1024\" srcset=\"https:\/\/annenobels.nl\/wp-content\/uploads\/2024\/10\/a_DSCF0141_103-1-768x1024.jpeg 768w, https:\/\/annenobels.nl\/wp-content\/uploads\/2024\/10\/a_DSCF0141_103-1-225x300.jpeg 225w, https:\/\/annenobels.nl\/wp-content\/uploads\/2024\/10\/a_DSCF0141_103-1-1152x1536.jpeg 1152w, https:\/\/annenobels.nl\/wp-content\/uploads\/2024\/10\/a_DSCF0141_103-1-600x800.jpeg 600w, https:\/\/annenobels.nl\/wp-content\/uploads\/2024\/10\/a_DSCF0141_103-1.jpeg 1500w\" sizes=\"auto, (max-width: 768px) 100vw, 768px\" \/><\/p>\n<p><img loading=\"lazy\" decoding=\"async\" class=\"wp-image-2049 aligncenter\" src=\"https:\/\/annenobels.nl\/wp-content\/uploads\/2018\/12\/396A28321_1.jpg\" alt=\"\" width=\"760\" height=\"507\" srcset=\"https:\/\/annenobels.nl\/wp-content\/uploads\/2018\/12\/396A28321_1.jpg 1000w, https:\/\/annenobels.nl\/wp-content\/uploads\/2018\/12\/396A28321_1-600x400.jpg 600w, https:\/\/annenobels.nl\/wp-content\/uploads\/2018\/12\/396A28321_1-300x200.jpg 300w, https:\/\/annenobels.nl\/wp-content\/uploads\/2018\/12\/396A28321_1-768x512.jpg 768w\" sizes=\"auto, (max-width: 760px) 100vw, 760px\" \/><\/p>\n<p><img loading=\"lazy\" decoding=\"async\" class=\"wp-image-2053 size-large aligncenter\" src=\"https:\/\/annenobels.nl\/wp-content\/uploads\/2018\/12\/396A89071_2-1024x683.jpg\" alt=\"\" width=\"760\" height=\"507\" srcset=\"https:\/\/annenobels.nl\/wp-content\/uploads\/2018\/12\/396A89071_2-1024x683.jpg 1024w, https:\/\/annenobels.nl\/wp-content\/uploads\/2018\/12\/396A89071_2-600x400.jpg 600w, https:\/\/annenobels.nl\/wp-content\/uploads\/2018\/12\/396A89071_2-300x200.jpg 300w, https:\/\/annenobels.nl\/wp-content\/uploads\/2018\/12\/396A89071_2-768x512.jpg 768w, https:\/\/annenobels.nl\/wp-content\/uploads\/2018\/12\/396A89071_2-1200x800.jpg 1200w, https:\/\/annenobels.nl\/wp-content\/uploads\/2018\/12\/396A89071_2.jpg 1800w\" sizes=\"auto, (max-width: 760px) 100vw, 760px\" \/><\/p>\n<p><img loading=\"lazy\" decoding=\"async\" class=\"wp-image-1993 aligncenter\" src=\"https:\/\/annenobels.nl\/wp-content\/uploads\/2018\/06\/IMG_01381_2.jpg\" alt=\"\" width=\"760\" height=\"507\" srcset=\"https:\/\/annenobels.nl\/wp-content\/uploads\/2018\/06\/IMG_01381_2.jpg 1000w, https:\/\/annenobels.nl\/wp-content\/uploads\/2018\/06\/IMG_01381_2-600x400.jpg 600w, https:\/\/annenobels.nl\/wp-content\/uploads\/2018\/06\/IMG_01381_2-300x200.jpg 300w, https:\/\/annenobels.nl\/wp-content\/uploads\/2018\/06\/IMG_01381_2-768x512.jpg 768w, https:\/\/annenobels.nl\/wp-content\/uploads\/2018\/06\/IMG_01381_2-676x451.jpg 676w\" sizes=\"auto, (max-width: 760px) 100vw, 760px\" \/><\/p>\n<p><img loading=\"lazy\" decoding=\"async\" class=\"wp-image-1987 aligncenter\" src=\"https:\/\/annenobels.nl\/wp-content\/uploads\/2018\/06\/396A27751_1iceblue.jpg\" alt=\"\" width=\"760\" height=\"507\" srcset=\"https:\/\/annenobels.nl\/wp-content\/uploads\/2018\/06\/396A27751_1iceblue.jpg 1000w, https:\/\/annenobels.nl\/wp-content\/uploads\/2018\/06\/396A27751_1iceblue-600x400.jpg 600w, https:\/\/annenobels.nl\/wp-content\/uploads\/2018\/06\/396A27751_1iceblue-300x200.jpg 300w, https:\/\/annenobels.nl\/wp-content\/uploads\/2018\/06\/396A27751_1iceblue-768x512.jpg 768w, https:\/\/annenobels.nl\/wp-content\/uploads\/2018\/06\/396A27751_1iceblue-676x451.jpg 676w\" sizes=\"auto, (max-width: 760px) 100vw, 760px\" \/><\/p>\n<p><img loading=\"lazy\" decoding=\"async\" class=\"aligncenter wp-image-8746 size-large\" src=\"https:\/\/annenobels.nl\/wp-content\/uploads\/2024\/10\/1a_DSCF0477-2_177-1-768x1024.jpeg\" alt=\"\" width=\"768\" height=\"1024\" srcset=\"https:\/\/annenobels.nl\/wp-content\/uploads\/2024\/10\/1a_DSCF0477-2_177-1-768x1024.jpeg 768w, https:\/\/annenobels.nl\/wp-content\/uploads\/2024\/10\/1a_DSCF0477-2_177-1-225x300.jpeg 225w, https:\/\/annenobels.nl\/wp-content\/uploads\/2024\/10\/1a_DSCF0477-2_177-1-1152x1536.jpeg 1152w, https:\/\/annenobels.nl\/wp-content\/uploads\/2024\/10\/1a_DSCF0477-2_177-1-600x800.jpeg 600w, https:\/\/annenobels.nl\/wp-content\/uploads\/2024\/10\/1a_DSCF0477-2_177-1.jpeg 1500w\" sizes=\"auto, (max-width: 768px) 100vw, 768px\" \/><\/p>\n<p><img loading=\"lazy\" decoding=\"async\" class=\"wp-image-1995 size-large aligncenter\" src=\"https:\/\/annenobels.nl\/wp-content\/uploads\/2018\/06\/IMG_11871-1024x683.jpg\" alt=\"\" width=\"760\" height=\"507\" srcset=\"https:\/\/annenobels.nl\/wp-content\/uploads\/2018\/06\/IMG_11871-1024x683.jpg 1024w, https:\/\/annenobels.nl\/wp-content\/uploads\/2018\/06\/IMG_11871-600x400.jpg 600w, https:\/\/annenobels.nl\/wp-content\/uploads\/2018\/06\/IMG_11871-300x200.jpg 300w, https:\/\/annenobels.nl\/wp-content\/uploads\/2018\/06\/IMG_11871-768x512.jpg 768w, https:\/\/annenobels.nl\/wp-content\/uploads\/2018\/06\/IMG_11871-676x451.jpg 676w, https:\/\/annenobels.nl\/wp-content\/uploads\/2018\/06\/IMG_11871.jpg 1152w\" sizes=\"auto, (max-width: 760px) 100vw, 760px\" \/><\/p>\n<p><img loading=\"lazy\" decoding=\"async\" class=\"wp-image-2018 size-large aligncenter\" src=\"https:\/\/annenobels.nl\/wp-content\/uploads\/2018\/09\/396A34061_1-1024x683.jpg\" alt=\"\" width=\"760\" height=\"507\" srcset=\"https:\/\/annenobels.nl\/wp-content\/uploads\/2018\/09\/396A34061_1-1024x683.jpg 1024w, https:\/\/annenobels.nl\/wp-content\/uploads\/2018\/09\/396A34061_1-600x400.jpg 600w, https:\/\/annenobels.nl\/wp-content\/uploads\/2018\/09\/396A34061_1-300x200.jpg 300w, https:\/\/annenobels.nl\/wp-content\/uploads\/2018\/09\/396A34061_1-768x512.jpg 768w, https:\/\/annenobels.nl\/wp-content\/uploads\/2018\/09\/396A34061_1.jpg 1200w\" sizes=\"auto, (max-width: 760px) 100vw, 760px\" \/><\/p>\n<\/div>\n<p><img loading=\"lazy\" decoding=\"async\" class=\"aligncenter wp-image-8766 size-large\" src=\"https:\/\/annenobels.nl\/wp-content\/uploads\/2024\/10\/1a_DSCF0556-2_200-1-768x1024.jpeg\" alt=\"\" width=\"768\" height=\"1024\" srcset=\"https:\/\/annenobels.nl\/wp-content\/uploads\/2024\/10\/1a_DSCF0556-2_200-1-768x1024.jpeg 768w, https:\/\/annenobels.nl\/wp-content\/uploads\/2024\/10\/1a_DSCF0556-2_200-1-225x300.jpeg 225w, https:\/\/annenobels.nl\/wp-content\/uploads\/2024\/10\/1a_DSCF0556-2_200-1-1152x1536.jpeg 1152w, https:\/\/annenobels.nl\/wp-content\/uploads\/2024\/10\/1a_DSCF0556-2_200-1-600x800.jpeg 600w, https:\/\/annenobels.nl\/wp-content\/uploads\/2024\/10\/1a_DSCF0556-2_200-1.jpeg 1500w\" sizes=\"auto, (max-width: 768px) 100vw, 768px\" \/><\/p>\n\n\n<div style=\"height:250px\" aria-hidden=\"true\" class=\"wp-block-spacer\"><\/div>\n","protected":false},"excerpt":{"rendered":"<p>\u00a0 outside the lines Mijn zintuigen staan altijd op scherp, gevoeliger afgesteld dan bij de meeste mensen. Dit vormt de kern van mijn paniekstoornis. Prikkels komen ongefilterd binnen, waardoor alledaagse taken vaak moeilijk zijn. Ik word voor mijn gevoel voortdurend overspoeld met informatie en wanneer het te veel wordt, krijg ik een paniekaanval. Dit gebeurt [&hellip;]<\/p>\n","protected":false},"author":1,"featured_media":0,"parent":2214,"menu_order":0,"comment_status":"closed","ping_status":"closed","template":"","meta":{"_gspb_post_css":"","jetpack_post_was_ever_published":false,"footnotes":""},"class_list":["post-2200","page","type-page","status-publish","hentry"],"blocksy_meta":{"has_hero_section":"enabled","hero_section":"type-2","hero_elements":[{"id":"custom_title","enabled":true,"heading_tag":"h1","title":"Home","__id":"PEsfkc7dru65oRvnqGI8E"},{"id":"custom_description","enabled":false,"description_visibility":{"desktop":true,"tablet":true,"mobile":false},"__id":"JgmE6b9gOk8Pxy6g2QhC3"},{"id":"custom_meta","enabled":false,"meta_elements":[{"id":"author","enabled":true,"label":"By","has_author_avatar":"yes","avatar_size":25},{"id":"post_date","enabled":true,"label":"On","date_format_source":"default","date_format":"M j, Y"},{"id":"updated_date","enabled":false,"label":"On","date_format_source":"default","date_format":"M j, Y"},{"id":"categories","enabled":false,"label":"In","style":"simple"},{"id":"comments","enabled":true}],"page_meta_elements":{"joined":true,"articles_count":true,"comments":true},"__id":"KHdCQknwlZOhhQTYO0aNe"},{"id":"breadcrumbs","enabled":false,"__id":"kVM2Z91xlYg38qobO3u3M"},{"id":"content-block","enabled":false,"__id":"CqjxgeGSowOtIGWKLFjBt"}],"hero_height":"20px","pageTitlePadding":{"state":1,"values":[{"value":"10","unit":"px"},{"value":"auto","unit":""},{"value":"10","unit":"px"},{"value":"auto","unit":""}],"custom":""},"styles_descriptor":{"styles":{"desktop":"[data-prefix=\"single_page\"] .entry-header .page-title {--theme-font-size:30px;} [data-prefix=\"single_page\"] .entry-header .entry-meta {--theme-font-weight:600;--theme-text-transform:uppercase;--theme-font-size:12px;--theme-line-height:1.3;} [data-prefix=\"single_page\"] .hero-section[data-type=\"type-2\"] {--min-height:20px;background-color:var(--theme-palette-color-6);background-image:none;--container-padding:10px 0px;}","tablet":"","mobile":""},"google_fonts":{"Martel":["n4","n6"]},"version":6}},"jetpack_sharing_enabled":true,"_links":{"self":[{"href":"https:\/\/annenobels.nl\/nl\/wp-json\/wp\/v2\/pages\/2200","targetHints":{"allow":["GET"]}}],"collection":[{"href":"https:\/\/annenobels.nl\/nl\/wp-json\/wp\/v2\/pages"}],"about":[{"href":"https:\/\/annenobels.nl\/nl\/wp-json\/wp\/v2\/types\/page"}],"author":[{"embeddable":true,"href":"https:\/\/annenobels.nl\/nl\/wp-json\/wp\/v2\/users\/1"}],"replies":[{"embeddable":true,"href":"https:\/\/annenobels.nl\/nl\/wp-json\/wp\/v2\/comments?post=2200"}],"version-history":[{"count":8,"href":"https:\/\/annenobels.nl\/nl\/wp-json\/wp\/v2\/pages\/2200\/revisions"}],"predecessor-version":[{"id":9786,"href":"https:\/\/annenobels.nl\/nl\/wp-json\/wp\/v2\/pages\/2200\/revisions\/9786"}],"up":[{"embeddable":true,"href":"https:\/\/annenobels.nl\/nl\/wp-json\/wp\/v2\/pages\/2214"}],"wp:attachment":[{"href":"https:\/\/annenobels.nl\/nl\/wp-json\/wp\/v2\/media?parent=2200"}],"curies":[{"name":"wp","href":"https:\/\/api.w.org\/{rel}","templated":true}]}}